{"id":2746,"date":"2024-10-27T11:05:25","date_gmt":"2024-10-27T10:05:25","guid":{"rendered":"https:\/\/laganinistudio.com\/?post_type=product&#038;p=2746"},"modified":"2026-04-01T11:18:30","modified_gmt":"2026-04-01T10:18:30","slug":"pants-shanghai-framboise","status":"publish","type":"product","link":"https:\/\/laganinistudio.com\/en\/producto\/pants-shanghai-framboise\/","title":{"rendered":"Pants Shanghai Framboise"},"content":{"rendered":"<p>Nuestro pantal\u00f3n Shanghai es uno de esos pantalones s\u00faper favorecedores que querr\u00edas tener en todos los colores.<\/p>\n<p>Con pernera ancha, cintura alta y detalles de bi\u00e9s en bolsillos. Funciona a la perfecci\u00f3n como conjunto o por separado.<\/p>\n<p>Detalles que marcan la diferencia: Como parte del conjunto Shanghai se ha convertido en la revelaci\u00f3n de la temporada: Su dise\u00f1o exclusivo, tejido satinado y una exquisita mezcla de seda, un corte minuciosamente dise\u00f1ado para realzar tu figura lo han convertido en el emblema de nuestra marca. Esta temporada vuelve en frambuesa.<\/p>\n<p>\u00a1Descubre la diferencia con nuestro conjunto Shanghai y destaca con EL TOTAL LOOK de esta temporada!<br \/>\n FEELGOOD DESIGN: La perfecci\u00f3n se encuentra en los detalles, y nuestros pantalones mezcla de seda y poli\u00e9ster no es una excepci\u00f3n. Tejidos a partir de seda su suavidad, tacto y calidad son incomparables.<br \/>\nPerfectos para cualquier ocasi\u00f3n, de diario y para evento. Su calidad los hacen \u00fanicos.<br \/>\n&#8211; La modelo mide 174 cm (normalmente es una talla 34\/36) y lleva nuestra talla S.<br \/>\n&#8211; Made in Spain.<br \/>\n&#8211; 35% poli\u00e9ster, 65% seda.<br \/>\n&#8211; Hacemos muy pocas unidades de esta prenda por nuestra pol\u00edtica Limited Edition.<\/p>\n","protected":false},"excerpt":{"rendered":"<p>Nuestro pantal\u00f3n Shanghai es uno de esos pantalones s\u00faper favorecedores que querr\u00edas tener en todos los colores. Con pernera ancha, cintura alta y detalles de bi\u00e9s en bolsillos. Funciona a la perfecci\u00f3n como conjunto o por separado. Detalles que marcan la diferencia: Como parte del conjunto Shanghai se ha convertido en la revelaci\u00f3n de la &hellip;<\/p>\n","protected":false},"featured_media":23955,"comment_status":"open","ping_status":"closed","template":"","meta":{"_acf_changed":false},"product_brand":[],"product_cat":[113,75],"product_tag":[280,303,83],"class_list":{"0":"post-2746","1":"product","2":"type-product","3":"status-publish","4":"has-post-thumbnail","6":"product_cat-pants-en","7":"product_cat-pants-skirt","8":"product_tag-aw25-26-en","9":"product_tag-mayfair","10":"product_tag-shanghaimania-en","12":"first","13":"instock","14":"taxable","15":"shipping-taxable","16":"purchasable","17":"product-type-variable"},"supplier_id":null,"supplier_sku":"","barcode":null,"atum_controlled":true,"out_stock_date":null,"out_stock_threshold":null,"inheritable":true,"inbound_stock":0,"stock_on_hold":1,"sold_today":0,"sales_last_days":1,"reserved_stock":0,"customer_returns":0,"warehouse_damage":0,"lost_in_post":0,"other_logs":0,"out_stock_days":0,"lost_sales":0,"has_location":false,"update_date":"2026-04-09T11:43:32","atum_locations":[],"atum_stock_status":"instock","restock_status":false,"low_stock_amount":"","sales_update_date":"2026-04-09T11:43:32","calc_backorders":null,"acf":[],"jetpack_sharing_enabled":true,"_links":{"self":[{"href":"https:\/\/laganinistudio.com\/en\/wp-json\/wp\/v2\/product\/2746","targetHints":{"allow":["GET"]}}],"collection":[{"href":"https:\/\/laganinistudio.com\/en\/wp-json\/wp\/v2\/product"}],"about":[{"href":"https:\/\/laganinistudio.com\/en\/wp-json\/wp\/v2\/types\/product"}],"replies":[{"embeddable":true,"href":"https:\/\/laganinistudio.com\/en\/wp-json\/wp\/v2\/comments?post=2746"}],"wp:featuredmedia":[{"embeddable":true,"href":"https:\/\/laganinistudio.com\/en\/wp-json\/wp\/v2\/media\/23955"}],"wp:attachment":[{"href":"https:\/\/laganinistudio.com\/en\/wp-json\/wp\/v2\/media?parent=2746"}],"wp:term":[{"taxonomy":"product_brand","embeddable":true,"href":"https:\/\/laganinistudio.com\/en\/wp-json\/wp\/v2\/product_brand?post=2746"},{"taxonomy":"product_cat","embeddable":true,"href":"https:\/\/laganinistudio.com\/en\/wp-json\/wp\/v2\/product_cat?post=2746"},{"taxonomy":"product_tag","embeddable":true,"href":"https:\/\/laganinistudio.com\/en\/wp-json\/wp\/v2\/product_tag?post=2746"}],"curies":[{"name":"wp","href":"https:\/\/api.w.org\/{rel}","templated":true}]}}