{"id":26809,"date":"2026-03-24T22:47:00","date_gmt":"2026-03-24T21:47:00","guid":{"rendered":"https:\/\/laganinistudio.com\/producto\/falda-zanzibar-chocolate-tartan\/"},"modified":"2026-04-05T12:06:51","modified_gmt":"2026-04-05T11:06:51","slug":"falda-zanzibar-chocolate-tartan","status":"publish","type":"product","link":"https:\/\/laganinistudio.com\/en\/producto\/falda-zanzibar-chocolate-tartan\/","title":{"rendered":"Zanz\u00edbar Chocolate Tart\u00e1n Skirt"},"content":{"rendered":"<p><strong>Zanzibar Chocolate Tart\u00e1n Skirt: Elegance and movement come together in this godet skirt from the Laganini family.<\/strong><br \/>\nWe know you love sets, especially those featuring a skirt, so this season we&#8217;re going all in on them. Introducing our new Zanzibar pattern, a midi skirt perfect for both everyday wear and special occasions, made from the finest cotton.<br \/>\n<strong>Details that make the difference:<\/strong> The new Zanzibar Chocolate Tart\u00e1n skirt is characterized by its combination of elegance and movement through godets that are designed to offer the perfect balance between sophistication and freshness. Created with the perfect amount of flare so as not to exaggerate the shape, it enhances the silhouette with a dynamic touch. Its invisible zipper closure makes it very comfortable and discreet for a perfect fit. Our own striped fabric is placed both vertically and horizontally to create the perfect visual effect. The Zanzibar Chocolate Tart\u00e1n skirt features a tartan pattern in shades of beige, blue, and red. A timeless yet very fashionable color combination.<br \/>\nDon&#8217;t miss out on the chance to get your hands on this season&#8217;s most sophisticated set!<br \/>\n<strong>FEELGOOD DESIGN:<\/strong> Perfection is in the details, and our cotton skirt is no exception. Woven from pure cotton its softness, feel and quality are unmatched.<br \/>\nPerfect for any occasion, for everyday wear and for events. Its print and quality make it unique.<br \/>\n&#8211; The model is 174 cm (normally a size 34\/36) and wears our size S.<br \/>\n&#8211; <strong>Made in Spain.<\/strong><br \/>\n&#8211; 100% organic cotton.<br \/>\n&#8211; We make <strong>very few units<\/strong> of this garment because of our <strong>Limited Edition policy<\/strong>.<\/p>\n","protected":false},"excerpt":{"rendered":"<p>Zanzibar Chocolate Tart\u00e1n Skirt: Elegance and movement come together in this godet skirt from the Laganini family. We know you love sets, especially those featuring a skirt, so this season we&#8217;re going all in on them. Introducing our new Zanzibar pattern, a midi skirt perfect for both everyday wear and special occasions, made from the &hellip;<\/p>\n","protected":false},"featured_media":26646,"comment_status":"open","ping_status":"closed","template":"","meta":{"_acf_changed":false},"product_brand":[],"product_cat":[75,304],"product_tag":[280,328],"class_list":{"0":"post-26809","1":"product","2":"type-product","3":"status-publish","4":"has-post-thumbnail","6":"product_cat-pants-skirt","7":"product_cat-skirts-2","8":"product_tag-aw25-26-en","9":"product_tag-verbier-village","11":"first","12":"instock","13":"taxable","14":"shipping-taxable","15":"purchasable","16":"product-type-variable"},"supplier_id":null,"supplier_sku":"","barcode":null,"atum_controlled":true,"out_stock_date":null,"out_stock_threshold":null,"inheritable":true,"inbound_stock":0,"stock_on_hold":0,"sold_today":0,"sales_last_days":2,"reserved_stock":0,"customer_returns":0,"warehouse_damage":0,"lost_in_post":0,"other_logs":null,"out_stock_days":null,"lost_sales":0,"has_location":false,"update_date":"2026-04-05T11:06:52","atum_locations":[],"atum_stock_status":"instock","restock_status":false,"low_stock_amount":"","sales_update_date":"2026-03-27T11:53:08","calc_backorders":null,"acf":[],"jetpack_sharing_enabled":true,"_links":{"self":[{"href":"https:\/\/laganinistudio.com\/en\/wp-json\/wp\/v2\/product\/26809","targetHints":{"allow":["GET"]}}],"collection":[{"href":"https:\/\/laganinistudio.com\/en\/wp-json\/wp\/v2\/product"}],"about":[{"href":"https:\/\/laganinistudio.com\/en\/wp-json\/wp\/v2\/types\/product"}],"replies":[{"embeddable":true,"href":"https:\/\/laganinistudio.com\/en\/wp-json\/wp\/v2\/comments?post=26809"}],"wp:featuredmedia":[{"embeddable":true,"href":"https:\/\/laganinistudio.com\/en\/wp-json\/wp\/v2\/media\/26646"}],"wp:attachment":[{"href":"https:\/\/laganinistudio.com\/en\/wp-json\/wp\/v2\/media?parent=26809"}],"wp:term":[{"taxonomy":"product_brand","embeddable":true,"href":"https:\/\/laganinistudio.com\/en\/wp-json\/wp\/v2\/product_brand?post=26809"},{"taxonomy":"product_cat","embeddable":true,"href":"https:\/\/laganinistudio.com\/en\/wp-json\/wp\/v2\/product_cat?post=26809"},{"taxonomy":"product_tag","embeddable":true,"href":"https:\/\/laganinistudio.com\/en\/wp-json\/wp\/v2\/product_tag?post=26809"}],"curies":[{"name":"wp","href":"https:\/\/api.w.org\/{rel}","templated":true}]}}