{"id":2502,"date":"2026-03-16T10:52:35","date_gmt":"2026-03-16T09:52:35","guid":{"rendered":"https:\/\/laganinistudio.com\/producto\/pantalon-starman-volare-beige\/"},"modified":"2026-03-26T23:44:39","modified_gmt":"2026-03-26T22:44:39","slug":"starman-volare-beige-pant","status":"publish","type":"product","link":"https:\/\/laganinistudio.com\/en\/producto\/starman-volare-beige-pant\/","title":{"rendered":"Pants Starman Volar\u00e9 Beige"},"content":{"rendered":"<p>Nuestro nuevo pantal\u00f3n Starman es uno de esos pantalones s\u00faper favorecedores que querr\u00edas tener en todos los colores.<\/p>\n<p>Con pernera ancha, cintura entallada\u00a0 y detalles de bi\u00e9s en bolsillos. Funciona a la perfecci\u00f3n como conjunto o por separado.<\/p>\n<p>Como parte del total look con camisa Volar\u00e9 Beige se convierte en el look perfecto para cualquier ocasi\u00f3n, de diario o evento, de manera conjunta y por separado. \u00a1Definir tu estilo nunca fue tan sencillo y cool!<\/p>\n<p><b>FEELGOOD DESIGN:<\/b> La calidad, suavidad y tacto del tejido son inmejorables y c\u00f3modos para t\u00ed y para tu piel.<\/p>\n<ul>\n<li>La modelo mide 170cm (normalmente es una talla 34\/36) y lleva nuestra talla S.<\/li>\n<li><b>Made in Spain.<\/b><\/li>\n<li>100% algod\u00f3n org\u00e1nico.<\/li>\n<li><b>Hacemos muy pocas unidades<\/b> de esta prenda por nuestra pol\u00edtica <b>Limited Edition.<\/b><\/li>\n<\/ul>\n","protected":false},"excerpt":{"rendered":"<p>Nuestro nuevo pantal\u00f3n Starman es uno de esos pantalones s\u00faper favorecedores que querr\u00edas tener en todos los colores. Con pernera ancha, cintura entallada\u00a0 y detalles de bi\u00e9s en bolsillos. Funciona a la perfecci\u00f3n como conjunto o por separado. Como parte del total look con camisa Volar\u00e9 Beige se convierte en el look perfecto para cualquier &hellip;<\/p>\n","protected":false},"featured_media":2342,"comment_status":"open","ping_status":"closed","template":"","meta":{"_acf_changed":false},"product_brand":[],"product_cat":[113,75],"product_tag":[80],"class_list":{"0":"post-2502","1":"product","2":"type-product","3":"status-publish","4":"has-post-thumbnail","6":"product_cat-pants-en","7":"product_cat-pants-skirt","8":"product_tag-northern-lights-ss23-en","9":"product_shipping_class-65-pl-35-wool-en","11":"first","12":"instock","13":"taxable","14":"shipping-taxable","15":"purchasable","16":"product-type-variable"},"supplier_id":null,"supplier_sku":"","barcode":null,"atum_controlled":true,"out_stock_date":null,"out_stock_threshold":null,"inheritable":true,"inbound_stock":0,"stock_on_hold":0,"sold_today":0,"sales_last_days":1,"reserved_stock":0,"customer_returns":0,"warehouse_damage":0,"lost_in_post":0,"other_logs":0,"out_stock_days":0,"lost_sales":0,"has_location":false,"update_date":"2026-04-22T17:19:03","atum_locations":[],"atum_stock_status":"instock","restock_status":false,"low_stock_amount":"","sales_update_date":"2026-04-22T17:19:03","calc_backorders":null,"acf":[],"jetpack_sharing_enabled":true,"_links":{"self":[{"href":"https:\/\/laganinistudio.com\/en\/wp-json\/wp\/v2\/product\/2502","targetHints":{"allow":["GET"]}}],"collection":[{"href":"https:\/\/laganinistudio.com\/en\/wp-json\/wp\/v2\/product"}],"about":[{"href":"https:\/\/laganinistudio.com\/en\/wp-json\/wp\/v2\/types\/product"}],"replies":[{"embeddable":true,"href":"https:\/\/laganinistudio.com\/en\/wp-json\/wp\/v2\/comments?post=2502"}],"wp:featuredmedia":[{"embeddable":true,"href":"https:\/\/laganinistudio.com\/en\/wp-json\/wp\/v2\/media\/2342"}],"wp:attachment":[{"href":"https:\/\/laganinistudio.com\/en\/wp-json\/wp\/v2\/media?parent=2502"}],"wp:term":[{"taxonomy":"product_brand","embeddable":true,"href":"https:\/\/laganinistudio.com\/en\/wp-json\/wp\/v2\/product_brand?post=2502"},{"taxonomy":"product_cat","embeddable":true,"href":"https:\/\/laganinistudio.com\/en\/wp-json\/wp\/v2\/product_cat?post=2502"},{"taxonomy":"product_tag","embeddable":true,"href":"https:\/\/laganinistudio.com\/en\/wp-json\/wp\/v2\/product_tag?post=2502"}],"curies":[{"name":"wp","href":"https:\/\/api.w.org\/{rel}","templated":true}]}}