{"id":25451,"date":"2025-11-22T01:57:00","date_gmt":"2025-11-22T00:57:00","guid":{"rendered":"https:\/\/laganinistudio.com\/?page_id=25451"},"modified":"2025-11-26T15:25:23","modified_gmt":"2025-11-26T14:25:23","slug":"home-slow-friday","status":"publish","type":"page","link":"https:\/\/laganinistudio.com\/en\/home-slow-friday\/","title":{"rendered":"(Home Sign up EN) &#8211; Early Access Slow Friday"},"content":{"rendered":"<p>[vc_row type=&#8221;full-nopad&#8221; min_height=&#8221;800&#8243; content_placement=&#8221;top&#8221; parallax=&#8221;static&#8221; parallax_image=&#8221;25404&#8243; css=&#8221;.vc_custom_1763744431131{padding-top: 200px !important;padding-bottom: 50px !important;background: rgba(10,10,10,0.53) url(https:\/\/laganinistudio.com\/wp-content\/uploads\/2025\/11\/slow-friday-home.jpg?id=25347);background-position:center;background-repeat: no-repeat !important;background-size: cover !important;*background-color: rgb(10,10,10) !important;}&#8221;][vc_column][vc_row_inner][vc_column_inner width=&#8221;1\/6&#8243;][\/vc_column_inner][vc_column_inner width=&#8221;2\/3&#8243;][vc_single_image image=&#8221;25349&#8243; img_size=&#8221;large&#8221; alignment=&#8221;center&#8221; el_class=&#8221;logo-earlyaccess&#8221;][vc_column_text el_class=&#8221;grotestk h2&#8243;]<\/p>\n<h2 style=\"text-align: center;\"><span style=\"color: #ffffff;\">JOIN THE PRIORITY ACCESS\u00a0<\/span><\/h2>\n<p>[\/vc_column_text][vc_raw_html]JTVCbWM0d3BfZm9ybSUyMGlkJTNEJTIyMjQ2OTElMjIlNUQ=[\/vc_raw_html][vc_column_text]<\/p>\n<h3 style=\"text-align: center;\"><span style=\"color: #ffffff;\">And you will receive your exclusive key before it becomes publicly available<\/span><\/h3>\n<p>[\/vc_column_text][vc_raw_js]JTNDc2NyaXB0JTNFJTBBJTIwJTIwJTIwJTIwZnVuY3Rpb24lMjB1cGRhdGVDb3VudGRvd24lMjglMjklMjAlN0IlMEElMjAlMjAlMjAlMjAlMjAlMjBjb25zdCUyMHRhcmdldERhdGUlMjAlM0QlMjBuZXclMjBEYXRlJTI4JTI3MjAyNS0xMS0yN1QyMCUzQTAwJTNBMDAlMkIwMSUzQTAwJTI3JTI5JTNCJTBBJTIwJTIwJTIwJTIwJTIwJTIwY29uc3QlMjBub3clMjAlM0QlMjBuZXclMjBEYXRlJTI4JTI5JTNCJTBBJTIwJTIwJTIwJTIwJTIwJTIwY29uc3QlMjBkaWZmJTIwJTNEJTIwdGFyZ2V0RGF0ZSUyMC0lMjBub3clM0IlMEElMEElMjAlMjAlMjAlMjAlMjAlMjBpZiUyMCUyOGRpZmYlMjAlM0MlM0QlMjAwJTI5JTIwJTdCJTBBJTIwJTIwJTIwJTIwJTIwJTIwJTIwJTIwZG9jdW1lbnQucXVlcnlTZWxlY3RvciUyOCUyNy5jb3VudGRvd24tZ3JpZCUyNyUyOS5pbm5lckhUTUwlMjAlM0QlMjAlMjIlQzIlQTFIYSUyMGxsZWdhZG8lMjBlbCUyMG1vbWVudG8lMjElMjIlM0IlMEElMjAlMjAlMjAlMjAlMjAlMjAlMjAlMjBjbGVhckludGVydmFsJTI4dGltZXIlMjklM0IlMEElMjAlMjAlMjAlMjAlMjAlMjAlMjAlMjByZXR1cm4lM0IlMEElMjAlMjAlMjAlMjAlMjAlMjAlN0QlMEElMEElMjAlMjAlMjAlMjAlMjAlMjBjb25zdCUyMGRheXMlMjAlM0QlMjBNYXRoLmZsb29yJTI4ZGlmZiUyMCUyRiUyMCUyODEwMDAlMjAlMkElMjA2MCUyMCUyQSUyMDYwJTIwJTJBJTIwMjQlMjklMjklM0IlMEElMjAlMjAlMjAlMjAlMjAlMjBjb25zdCUyMGhvdXJzJTIwJTNEJTIwTWF0aC5mbG9vciUyOCUyOGRpZmYlMjAlMkYlMjAlMjgxMDAwJTIwJTJBJTIwNjAlMjAlMkElMjA2MCUyOSUyOSUyMCUyNSUyMDI0JTI5JTNCJTBBJTIwJTIwJTIwJTIwJTIwJTIwY29uc3QlMjBtaW51dGVzJTIwJTNEJTIwTWF0aC5mbG9vciUyOCUyOGRpZmYlMjAlMkYlMjAlMjgxMDAwJTIwJTJBJTIwNjAlMjklMjklMjAlMjUlMjA2MCUyOSUzQiUwQSUyMCUyMCUyMCUyMCUyMCUyMGNvbnN0JTIwc2Vjb25kcyUyMCUzRCUyME1hdGguZmxvb3IlMjglMjhkaWZmJTIwJTJGJTIwMTAwMCUyOSUyMCUyNSUyMDYwJTI5JTNCJTBBJTBBJTIwJTIwJTIwJTIwJTIwJTIwZG9jdW1lbnQuZ2V0RWxlbWVudEJ5SWQlMjglMjJkYXlzJTIyJTI5LnRleHRDb250ZW50JTIwJTNEJTIwZGF5cy50b1N0cmluZyUyOCUyOS5wYWRTdGFydCUyODIlMkMlMjAlMjcwJTI3JTI5JTNCJTBBJTIwJTIwJTIwJTIwJTIwJTIwZG9jdW1lbnQuZ2V0RWxlbWVudEJ5SWQlMjglMjJob3VycyUyMiUyOS50ZXh0Q29udGVudCUyMCUzRCUyMGhvdXJzLnRvU3RyaW5nJTI4JTI5LnBhZFN0YXJ0JTI4MiUyQyUyMCUyNzAlMjclMjklM0IlMEElMjAlMjAlMjAlMjAlMjAlMjBkb2N1bWVudC5nZXRFbGVtZW50QnlJZCUyOCUyMm1pbnV0ZXMlMjIlMjkudGV4dENvbnRlbnQlMjAlM0QlMjBtaW51dGVzLnRvU3RyaW5nJTI4JTI5LnBhZFN0YXJ0JTI4MiUyQyUyMCUyNzAlMjclMjklM0IlMEElMjAlMjAlMjAlMjAlMjAlMjBkb2N1bWVudC5nZXRFbGVtZW50QnlJZCUyOCUyMnNlY29uZHMlMjIlMjkudGV4dENvbnRlbnQlMjAlM0QlMjBzZWNvbmRzLnRvU3RyaW5nJTI4JTI5LnBhZFN0YXJ0JTI4MiUyQyUyMCUyNzAlMjclMjklM0IlMEElMjAlMjAlMjAlMjAlN0QlMEElMEElMjAlMjAlMjAlMjBjb25zdCUyMHRpbWVyJTIwJTNEJTIwc2V0SW50ZXJ2YWwlMjh1cGRhdGVDb3VudGRvd24lMkMlMjAxMDAwJTI5JTNCJTBBJTIwJTIwJTIwJTIwdXBkYXRlQ291bnRkb3duJTI4JTI5JTNCJTBBJTIwJTIwJTNDJTJGc2NyaXB0JTNF[\/vc_raw_js][vc_raw_html el_id=&#8221;align-center&#8221;]JTIwJTNDZGl2JTIwY2xhc3MlM0QlMjJjb3VudGRvd24tZ3JpZCUyMiUzRSUwQSUyMCUyMCUyMCUyMCUzQ2RpdiUyMGNsYXNzJTNEJTIyY291bnQtbnVtYmVyJTIyJTIwaWQlM0QlMjJkYXlzJTIyJTNFMDAlM0MlMkZkaXYlM0UlMEElMjAlMjAlMjAlMjAlM0NkaXYlMjBjbGFzcyUzRCUyMmNvdW50LW51bWJlciUyMiUyMGlkJTNEJTIyaG91cnMlMjIlM0UwMCUzQyUyRmRpdiUzRSUwQSUyMCUyMCUyMCUyMCUzQ2RpdiUyMGNsYXNzJTNEJTIyY291bnQtbnVtYmVyJTIyJTIwaWQlM0QlMjJtaW51dGVzJTIyJTNFMDAlM0MlMkZkaXYlM0UlMEElMjAlMjAlMjAlMjAlM0NkaXYlMjBjbGFzcyUzRCUyMmNvdW50LW51bWJlciUyMiUyMGlkJTNEJTIyc2Vjb25kcyUyMiUzRTAwJTNDJTJGZGl2JTNFJTBBJTBBJTIwJTIwJTIwJTIwJTNDZGl2JTIwY2xhc3MlM0QlMjJjb3VudC1sYWJlbCUyMiUzRWRheXMlM0MlMkZkaXYlM0UlMEElMjAlMjAlMjAlMjAlM0NkaXYlMjBjbGFzcyUzRCUyMmNvdW50LWxhYmVsJTIyJTNFaG91cnMlM0MlMkZkaXYlM0UlMEElMjAlMjAlMjAlMjAlM0NkaXYlMjBjbGFzcyUzRCUyMmNvdW50LWxhYmVsJTIyJTNFbWludXRlcyUzQyUyRmRpdiUzRSUwQSUyMCUyMCUyMCUyMCUzQ2RpdiUyMGNsYXNzJTNEJTIyY291bnQtbGFiZWwlMjIlM0VzZWNvbmRzJTNDJTJGZGl2JTNFJTBBJTIwJTIwJTNDJTJGZGl2JTNF[\/vc_raw_html][\/vc_column_inner][vc_column_inner width=&#8221;1\/6&#8243;][\/vc_column_inner][\/vc_row_inner][\/vc_column][\/vc_row][vc_row type=&#8221;full-nopad&#8221; max_width=&#8221;1350&#8243; min_height=&#8221;1000&#8243; full_height=&#8221;yes&#8221; content_placement=&#8221;middle&#8221; disable_element=&#8221;yes&#8221; css=&#8221;.vc_custom_1763744351065{background-image: url(https:\/\/laganinistudio.com\/wp-content\/uploads\/2025\/11\/slow-friday-home-movil-1.jpg?id=25406) !important;background-position: center !important;background-repeat: no-repeat !important;background-size: cover !important;}&#8221; el_class=&#8221;mobile&#8221;][vc_column css=&#8221;.vc_custom_1763733988566{padding-top: 150px !important;}&#8221;][vc_single_image image=&#8221;25349&#8243; img_size=&#8221;large&#8221; alignment=&#8221;center&#8221; el_class=&#8221;logo-earlyaccess&#8221;][vc_column_text el_class=&#8221;grotestk h2&#8243;]<\/p>\n<h2 style=\"text-align: center;\"><span style=\"color: #ffffff;\">\u00daNETE AL ACCESO PRIORITARIO<\/span><\/h2>\n<p>[\/vc_column_text][vc_raw_html]JTVCbWM0d3BfZm9ybSUyMGlkJTNEJTIyMjQ2ODklMjIlNUQ=[\/vc_raw_html][vc_column_text]<\/p>\n<h3 style=\"text-align: center;\"><span style=\"color: #ffffff;\">Y recibir\u00e1s tu clave en exclusiva antes de que est\u00e9 disponible p\u00fablicamente<\/span><\/h3>\n<p>[\/vc_column_text][vc_raw_js]JTNDc2NyaXB0JTNFJTBBJTIwJTIwJTIwJTIwZnVuY3Rpb24lMjB1cGRhdGVDb3VudGRvd24lMjglMjklMjAlN0IlMEElMjAlMjAlMjAlMjAlMjAlMjBjb25zdCUyMHRhcmdldERhdGUlMjAlM0QlMjBuZXclMjBEYXRlJTI4JTI3MjAyNS0xMS0yN1QyMCUzQTAwJTNBMDAlMkIwMSUzQTAwJTI3JTI5JTNCJTBBJTIwJTIwJTIwJTIwJTIwJTIwY29uc3QlMjBub3clMjAlM0QlMjBuZXclMjBEYXRlJTI4JTI5JTNCJTBBJTIwJTIwJTIwJTIwJTIwJTIwY29uc3QlMjBkaWZmJTIwJTNEJTIwdGFyZ2V0RGF0ZSUyMC0lMjBub3clM0IlMEElMEElMjAlMjAlMjAlMjAlMjAlMjBpZiUyMCUyOGRpZmYlMjAlM0MlM0QlMjAwJTI5JTIwJTdCJTBBJTIwJTIwJTIwJTIwJTIwJTIwJTIwJTIwZG9jdW1lbnQucXVlcnlTZWxlY3RvciUyOCUyNy5jb3VudGRvd24tZ3JpZCUyNyUyOS5pbm5lckhUTUwlMjAlM0QlMjAlMjIlQzIlQTFIYSUyMGxsZWdhZG8lMjBlbCUyMG1vbWVudG8lMjElMjIlM0IlMEElMjAlMjAlMjAlMjAlMjAlMjAlMjAlMjBjbGVhckludGVydmFsJTI4dGltZXIlMjklM0IlMEElMjAlMjAlMjAlMjAlMjAlMjAlMjAlMjByZXR1cm4lM0IlMEElMjAlMjAlMjAlMjAlMjAlMjAlN0QlMEElMEElMjAlMjAlMjAlMjAlMjAlMjBjb25zdCUyMGRheXMlMjAlM0QlMjBNYXRoLmZsb29yJTI4ZGlmZiUyMCUyRiUyMCUyODEwMDAlMjAlMkElMjA2MCUyMCUyQSUyMDYwJTIwJTJBJTIwMjQlMjklMjklM0IlMEElMjAlMjAlMjAlMjAlMjAlMjBjb25zdCUyMGhvdXJzJTIwJTNEJTIwTWF0aC5mbG9vciUyOCUyOGRpZmYlMjAlMkYlMjAlMjgxMDAwJTIwJTJBJTIwNjAlMjAlMkElMjA2MCUyOSUyOSUyMCUyNSUyMDI0JTI5JTNCJTBBJTIwJTIwJTIwJTIwJTIwJTIwY29uc3QlMjBtaW51dGVzJTIwJTNEJTIwTWF0aC5mbG9vciUyOCUyOGRpZmYlMjAlMkYlMjAlMjgxMDAwJTIwJTJBJTIwNjAlMjklMjklMjAlMjUlMjA2MCUyOSUzQiUwQSUyMCUyMCUyMCUyMCUyMCUyMGNvbnN0JTIwc2Vjb25kcyUyMCUzRCUyME1hdGguZmxvb3IlMjglMjhkaWZmJTIwJTJGJTIwMTAwMCUyOSUyMCUyNSUyMDYwJTI5JTNCJTBBJTBBJTIwJTIwJTIwJTIwJTIwJTIwZG9jdW1lbnQuZ2V0RWxlbWVudEJ5SWQlMjglMjJkYXlzJTIyJTI5LnRleHRDb250ZW50JTIwJTNEJTIwZGF5cy50b1N0cmluZyUyOCUyOS5wYWRTdGFydCUyODIlMkMlMjAlMjcwJTI3JTI5JTNCJTBBJTIwJTIwJTIwJTIwJTIwJTIwZG9jdW1lbnQuZ2V0RWxlbWVudEJ5SWQlMjglMjJob3VycyUyMiUyOS50ZXh0Q29udGVudCUyMCUzRCUyMGhvdXJzLnRvU3RyaW5nJTI4JTI5LnBhZFN0YXJ0JTI4MiUyQyUyMCUyNzAlMjclMjklM0IlMEElMjAlMjAlMjAlMjAlMjAlMjBkb2N1bWVudC5nZXRFbGVtZW50QnlJZCUyOCUyMm1pbnV0ZXMlMjIlMjkudGV4dENvbnRlbnQlMjAlM0QlMjBtaW51dGVzLnRvU3RyaW5nJTI4JTI5LnBhZFN0YXJ0JTI4MiUyQyUyMCUyNzAlMjclMjklM0IlMEElMjAlMjAlMjAlMjAlMjAlMjBkb2N1bWVudC5nZXRFbGVtZW50QnlJZCUyOCUyMnNlY29uZHMlMjIlMjkudGV4dENvbnRlbnQlMjAlM0QlMjBzZWNvbmRzLnRvU3RyaW5nJTI4JTI5LnBhZFN0YXJ0JTI4MiUyQyUyMCUyNzAlMjclMjklM0IlMEElMjAlMjAlMjAlMjAlN0QlMEElMEElMjAlMjAlMjAlMjBjb25zdCUyMHRpbWVyJTIwJTNEJTIwc2V0SW50ZXJ2YWwlMjh1cGRhdGVDb3VudGRvd24lMkMlMjAxMDAwJTI5JTNCJTBBJTIwJTIwJTIwJTIwdXBkYXRlQ291bnRkb3duJTI4JTI5JTNCJTBBJTIwJTIwJTNDJTJGc2NyaXB0JTNF[\/vc_raw_js][vc_raw_html]JTIwJTNDZGl2JTIwY2xhc3MlM0QlMjJjb3VudGRvd24tZ3JpZCUyMiUzRSUwQSUyMCUyMCUyMCUyMCUzQ2RpdiUyMGNsYXNzJTNEJTIyY291bnQtbnVtYmVyJTIyJTIwaWQlM0QlMjJkYXlzJTIyJTNFMDAlM0MlMkZkaXYlM0UlMEElMjAlMjAlMjAlMjAlM0NkaXYlMjBjbGFzcyUzRCUyMmNvdW50LW51bWJlciUyMiUyMGlkJTNEJTIyaG91cnMlMjIlM0UwMCUzQyUyRmRpdiUzRSUwQSUyMCUyMCUyMCUyMCUzQ2RpdiUyMGNsYXNzJTNEJTIyY291bnQtbnVtYmVyJTIyJTIwaWQlM0QlMjJtaW51dGVzJTIyJTNFMDAlM0MlMkZkaXYlM0UlMEElMjAlMjAlMjAlMjAlM0NkaXYlMjBjbGFzcyUzRCUyMmNvdW50LW51bWJlciUyMiUyMGlkJTNEJTIyc2Vjb25kcyUyMiUzRTAwJTNDJTJGZGl2JTNFJTBBJTBBJTIwJTIwJTIwJTIwJTNDZGl2JTIwY2xhc3MlM0QlMjJjb3VudC1sYWJlbCUyMiUzRWQlQzMlQURhcyUzQyUyRmRpdiUzRSUwQSUyMCUyMCUyMCUyMCUzQ2RpdiUyMGNsYXNzJTNEJTIyY291bnQtbGFiZWwlMjIlM0Vob3JhcyUzQyUyRmRpdiUzRSUwQSUyMCUyMCUyMCUyMCUzQ2RpdiUyMGNsYXNzJTNEJTIyY291bnQtbGFiZWwlMjIlM0VtaW51dG9zJTNDJTJGZGl2JTNFJTBBJTIwJTIwJTIwJTIwJTNDZGl2JTIwY2xhc3MlM0QlMjJjb3VudC1sYWJlbCUyMiUzRXNlZ3VuZG9zJTNDJTJGZGl2JTNFJTBBJTIwJTIwJTNDJTJGZGl2JTNF[\/vc_raw_html][\/vc_column][\/vc_row][vc_row type=&#8221;boxed&#8221;][vc_column][vc_row_inner type=&#8221;boxed&#8221; css=&#8221;.vc_custom_1692784588452{margin-bottom: 30px !important;}&#8221;][vc_column_inner width=&#8221;1\/6&#8243;][\/vc_column_inner][vc_column_inner width=&#8221;4\/6&#8243; css=&#8221;.vc_custom_1692784340012{margin-right: 2% !important;margin-left: 2% !important;}&#8221;][vc_column_text]<\/p>\n<h2 style=\"text-align: center;\">Who is talking about us<!-- notionvc: 9f06eebf-25f0-43c9-879a-7be4ab684d99 --><\/h2>\n<p>[\/vc_column_text][\/vc_column_inner][vc_column_inner width=&#8221;1\/6&#8243;][\/vc_column_inner][\/vc_row_inner][vc_row_inner][vc_column_inner width=&#8221;1\/4&#8243;][vc_single_image image=&#8221;4861&#8243; img_size=&#8221;full&#8221; alignment=&#8221;center&#8221; onclick=&#8221;custom_link&#8221; img_link_target=&#8221;_blank&#8221; link=&#8221;https:\/\/www.vogue.es\/articulos\/tendencias-que-donde-comprar&#8221;][\/vc_column_inner][vc_column_inner width=&#8221;1\/4&#8243;][vc_single_image image=&#8221;4855&#8243; img_size=&#8221;full&#8221; alignment=&#8221;center&#8221; onclick=&#8221;custom_link&#8221; img_link_target=&#8221;_blank&#8221; link=&#8221;https:\/\/www.vanitatis.elconfidencial.com\/estilo\/moda\/2024-02-24\/laganini-moda-espanola-influencers-internacionales_3824384\/&#8221;][\/vc_column_inner][vc_column_inner width=&#8221;1\/4&#8243;][vc_single_image image=&#8221;4853&#8243; img_size=&#8221;full&#8221; alignment=&#8221;center&#8221; onclick=&#8221;custom_link&#8221; img_link_target=&#8221;_blank&#8221; link=&#8221;https:\/\/es.fashionnetwork.com\/news\/Laganini-una-invitacion-a-jugar-con-la-moda-que-hace-de-las-blusas-singulares-su-carta-de-presentacion,1578583.html&#8221;][\/vc_column_inner][vc_column_inner width=&#8221;1\/4&#8243;][vc_single_image image=&#8221;4859&#8243; img_size=&#8221;full&#8221; alignment=&#8221;center&#8221; onclick=&#8221;custom_link&#8221; img_link_target=&#8221;_blank&#8221; link=&#8221;https:\/\/www.hola.com\/fashion\/tendencias\/galeria\/2023112176416\/zara-chaqueta-especial-look-basico-invierno\/7\/&#8221;][\/vc_column_inner][\/vc_row_inner][\/vc_column][\/vc_row][vc_row source=&#8221;media_library&#8221; image=&#8221;25349&#8243; img_size=&#8221;large&#8221; external_img_size=&#8221;&#8221; add_caption=&#8221;&#8221; alignment=&#8221;center&#8221; style=&#8221;&#8221; external_style=&#8221;&#8221; border_color=&#8221;grey&#8221; external_border_color=&#8221;grey&#8221; onclick=&#8221;&#8221; img_link_target=&#8221;_self&#8221; el_class=&#8221;logo-earlyaccess&#8221; custom_src=&#8221;&#8221; caption=&#8221;&#8221; link=&#8221;&#8221; img_link_large=&#8221;&#8221;][vc_column][\/vc_column][\/vc_row]<\/p>\n","protected":false},"excerpt":{"rendered":"<p>[vc_row type=&#8221;full-nopad&#8221; min_height=&#8221;800&#8243; content_placement=&#8221;top&#8221; parallax=&#8221;static&#8221; parallax_image=&#8221;25404&#8243; css=&#8221;.vc_custom_1763744431131{padding-top: 200px !important;padding-bottom: 50px !important;background: rgba(10,10,10,0.53) url(https:\/\/laganinistudio.com\/wp-content\/uploads\/2025\/11\/slow-friday-home.jpg?id=25347);background-position:center;background-repeat: no-repeat !important;background-size: cover !important;*background-color: rgb(10,10,10) !important;}&#8221;][vc_column][vc_row_inner][vc_column_inner width=&#8221;1\/6&#8243;][\/vc_column_inner][vc_column_inner width=&#8221;2\/3&#8243;][vc_single_image image=&#8221;25349&#8243; img_size=&#8221;large&#8221; alignment=&#8221;center&#8221; el_class=&#8221;logo-earlyaccess&#8221;][vc_column_text el_class=&#8221;grotestk h2&#8243;] JOIN THE PRIORITY ACCESS\u00a0 [\/vc_column_text][vc_raw_html]JTVCbWM0d3BfZm9ybSUyMGlkJTNEJTIyMjQ2OTElMjIlNUQ=[\/vc_raw_html][vc_column_text] And you will receive your exclusive key before it becomes publicly available [\/vc_column_text][vc_raw_js]JTNDc2NyaXB0JTNFJTBBJTIwJTIwJTIwJTIwZnVuY3Rpb24lMjB1cGRhdGVDb3VudGRvd24lMjglMjklMjAlN0IlMEElMjAlMjAlMjAlMjAlMjAlMjBjb25zdCUyMHRhcmdldERhdGUlMjAlM0QlMjBuZXclMjBEYXRlJTI4JTI3MjAyNS0xMS0yN1QyMCUzQTAwJTNBMDAlMkIwMSUzQTAwJTI3JTI5JTNCJTBBJTIwJTIwJTIwJTIwJTIwJTIwY29uc3QlMjBub3clMjAlM0QlMjBuZXclMjBEYXRlJTI4JTI5JTNCJTBBJTIwJTIwJTIwJTIwJTIwJTIwY29uc3QlMjBkaWZmJTIwJTNEJTIwdGFyZ2V0RGF0ZSUyMC0lMjBub3clM0IlMEElMEElMjAlMjAlMjAlMjAlMjAlMjBpZiUyMCUyOGRpZmYlMjAlM0MlM0QlMjAwJTI5JTIwJTdCJTBBJTIwJTIwJTIwJTIwJTIwJTIwJTIwJTIwZG9jdW1lbnQucXVlcnlTZWxlY3RvciUyOCUyNy5jb3VudGRvd24tZ3JpZCUyNyUyOS5pbm5lckhUTUwlMjAlM0QlMjAlMjIlQzIlQTFIYSUyMGxsZWdhZG8lMjBlbCUyMG1vbWVudG8lMjElMjIlM0IlMEElMjAlMjAlMjAlMjAlMjAlMjAlMjAlMjBjbGVhckludGVydmFsJTI4dGltZXIlMjklM0IlMEElMjAlMjAlMjAlMjAlMjAlMjAlMjAlMjByZXR1cm4lM0IlMEElMjAlMjAlMjAlMjAlMjAlMjAlN0QlMEElMEElMjAlMjAlMjAlMjAlMjAlMjBjb25zdCUyMGRheXMlMjAlM0QlMjBNYXRoLmZsb29yJTI4ZGlmZiUyMCUyRiUyMCUyODEwMDAlMjAlMkElMjA2MCUyMCUyQSUyMDYwJTIwJTJBJTIwMjQlMjklMjklM0IlMEElMjAlMjAlMjAlMjAlMjAlMjBjb25zdCUyMGhvdXJzJTIwJTNEJTIwTWF0aC5mbG9vciUyOCUyOGRpZmYlMjAlMkYlMjAlMjgxMDAwJTIwJTJBJTIwNjAlMjAlMkElMjA2MCUyOSUyOSUyMCUyNSUyMDI0JTI5JTNCJTBBJTIwJTIwJTIwJTIwJTIwJTIwY29uc3QlMjBtaW51dGVzJTIwJTNEJTIwTWF0aC5mbG9vciUyOCUyOGRpZmYlMjAlMkYlMjAlMjgxMDAwJTIwJTJBJTIwNjAlMjklMjklMjAlMjUlMjA2MCUyOSUzQiUwQSUyMCUyMCUyMCUyMCUyMCUyMGNvbnN0JTIwc2Vjb25kcyUyMCUzRCUyME1hdGguZmxvb3IlMjglMjhkaWZmJTIwJTJGJTIwMTAwMCUyOSUyMCUyNSUyMDYwJTI5JTNCJTBBJTBBJTIwJTIwJTIwJTIwJTIwJTIwZG9jdW1lbnQuZ2V0RWxlbWVudEJ5SWQlMjglMjJkYXlzJTIyJTI5LnRleHRDb250ZW50JTIwJTNEJTIwZGF5cy50b1N0cmluZyUyOCUyOS5wYWRTdGFydCUyODIlMkMlMjAlMjcwJTI3JTI5JTNCJTBBJTIwJTIwJTIwJTIwJTIwJTIwZG9jdW1lbnQuZ2V0RWxlbWVudEJ5SWQlMjglMjJob3VycyUyMiUyOS50ZXh0Q29udGVudCUyMCUzRCUyMGhvdXJzLnRvU3RyaW5nJTI4JTI5LnBhZFN0YXJ0JTI4MiUyQyUyMCUyNzAlMjclMjklM0IlMEElMjAlMjAlMjAlMjAlMjAlMjBkb2N1bWVudC5nZXRFbGVtZW50QnlJZCUyOCUyMm1pbnV0ZXMlMjIlMjkudGV4dENvbnRlbnQlMjAlM0QlMjBtaW51dGVzLnRvU3RyaW5nJTI4JTI5LnBhZFN0YXJ0JTI4MiUyQyUyMCUyNzAlMjclMjklM0IlMEElMjAlMjAlMjAlMjAlMjAlMjBkb2N1bWVudC5nZXRFbGVtZW50QnlJZCUyOCUyMnNlY29uZHMlMjIlMjkudGV4dENvbnRlbnQlMjAlM0QlMjBzZWNvbmRzLnRvU3RyaW5nJTI4JTI5LnBhZFN0YXJ0JTI4MiUyQyUyMCUyNzAlMjclMjklM0IlMEElMjAlMjAlMjAlMjAlN0QlMEElMEElMjAlMjAlMjAlMjBjb25zdCUyMHRpbWVyJTIwJTNEJTIwc2V0SW50ZXJ2YWwlMjh1cGRhdGVDb3VudGRvd24lMkMlMjAxMDAwJTI5JTNCJTBBJTIwJTIwJTIwJTIwdXBkYXRlQ291bnRkb3duJTI4JTI5JTNCJTBBJTIwJTIwJTNDJTJGc2NyaXB0JTNF[\/vc_raw_js][vc_raw_html el_id=&#8221;align-center&#8221;]JTIwJTNDZGl2JTIwY2xhc3MlM0QlMjJjb3VudGRvd24tZ3JpZCUyMiUzRSUwQSUyMCUyMCUyMCUyMCUzQ2RpdiUyMGNsYXNzJTNEJTIyY291bnQtbnVtYmVyJTIyJTIwaWQlM0QlMjJkYXlzJTIyJTNFMDAlM0MlMkZkaXYlM0UlMEElMjAlMjAlMjAlMjAlM0NkaXYlMjBjbGFzcyUzRCUyMmNvdW50LW51bWJlciUyMiUyMGlkJTNEJTIyaG91cnMlMjIlM0UwMCUzQyUyRmRpdiUzRSUwQSUyMCUyMCUyMCUyMCUzQ2RpdiUyMGNsYXNzJTNEJTIyY291bnQtbnVtYmVyJTIyJTIwaWQlM0QlMjJtaW51dGVzJTIyJTNFMDAlM0MlMkZkaXYlM0UlMEElMjAlMjAlMjAlMjAlM0NkaXYlMjBjbGFzcyUzRCUyMmNvdW50LW51bWJlciUyMiUyMGlkJTNEJTIyc2Vjb25kcyUyMiUzRTAwJTNDJTJGZGl2JTNFJTBBJTBBJTIwJTIwJTIwJTIwJTNDZGl2JTIwY2xhc3MlM0QlMjJjb3VudC1sYWJlbCUyMiUzRWRheXMlM0MlMkZkaXYlM0UlMEElMjAlMjAlMjAlMjAlM0NkaXYlMjBjbGFzcyUzRCUyMmNvdW50LWxhYmVsJTIyJTNFaG91cnMlM0MlMkZkaXYlM0UlMEElMjAlMjAlMjAlMjAlM0NkaXYlMjBjbGFzcyUzRCUyMmNvdW50LWxhYmVsJTIyJTNFbWludXRlcyUzQyUyRmRpdiUzRSUwQSUyMCUyMCUyMCUyMCUzQ2RpdiUyMGNsYXNzJTNEJTIyY291bnQtbGFiZWwlMjIlM0VzZWNvbmRzJTNDJTJGZGl2JTNFJTBBJTIwJTIwJTNDJTJGZGl2JTNF[\/vc_raw_html][\/vc_column_inner][vc_column_inner width=&#8221;1\/6&#8243;][\/vc_column_inner][\/vc_row_inner][\/vc_column][\/vc_row][vc_row type=&#8221;full-nopad&#8221; max_width=&#8221;1350&#8243; min_height=&#8221;1000&#8243; full_height=&#8221;yes&#8221; content_placement=&#8221;middle&#8221; disable_element=&#8221;yes&#8221; css=&#8221;.vc_custom_1763744351065{background-image: url(https:\/\/laganinistudio.com\/wp-content\/uploads\/2025\/11\/slow-friday-home-movil-1.jpg?id=25406) &hellip;<\/p>\n","protected":false},"author":1,"featured_media":0,"parent":0,"menu_order":0,"comment_status":"closed","ping_status":"closed","template":"templates\/page-full.php","meta":{"_acf_changed":false,"footnotes":""},"class_list":["post-25451","page","type-page","status-publish","hentry"],"acf":[],"jetpack_sharing_enabled":true,"_links":{"self":[{"href":"https:\/\/laganinistudio.com\/en\/wp-json\/wp\/v2\/pages\/25451","targetHints":{"allow":["GET"]}}],"collection":[{"href":"https:\/\/laganinistudio.com\/en\/wp-json\/wp\/v2\/pages"}],"about":[{"href":"https:\/\/laganinistudio.com\/en\/wp-json\/wp\/v2\/types\/page"}],"author":[{"embeddable":true,"href":"https:\/\/laganinistudio.com\/en\/wp-json\/wp\/v2\/users\/1"}],"replies":[{"embeddable":true,"href":"https:\/\/laganinistudio.com\/en\/wp-json\/wp\/v2\/comments?post=25451"}],"version-history":[{"count":13,"href":"https:\/\/laganinistudio.com\/en\/wp-json\/wp\/v2\/pages\/25451\/revisions"}],"predecessor-version":[{"id":25670,"href":"https:\/\/laganinistudio.com\/en\/wp-json\/wp\/v2\/pages\/25451\/revisions\/25670"}],"wp:attachment":[{"href":"https:\/\/laganinistudio.com\/en\/wp-json\/wp\/v2\/media?parent=25451"}],"curies":[{"name":"wp","href":"https:\/\/api.w.org\/{rel}","templated":true}]}}